{"id":47,"date":"2017-10-19T18:57:08","date_gmt":"2017-10-19T18:57:08","guid":{"rendered":"http:\/\/lo-wushu.se\/?page_id=47"},"modified":"2024-02-11T20:25:00","modified_gmt":"2024-02-11T20:25:00","slug":"lo-wushus-historik","status":"publish","type":"page","link":"https:\/\/lo-wushu.se\/?page_id=47","title":{"rendered":"Tr\u00e4ningen i Lo Wushu"},"content":{"rendered":"<p>Grunden vi ser idag startades redan 1985 och med det r\u00e4knas klubbens existens fr\u00e5n det \u00e5ret. \u00c5r 2015 firade vi 30 \u00e5r jubileum som klubb och har sedan dess gjort m\u00e5nga resor i utvecklingen.<\/p>\n<p>N\u00e4r man b\u00f6rjar i Lo Wushu s\u00e5 startar man sin tr\u00e4ning med en grund som vi kallar f\u00f6r basic. H\u00e4r g\u00e5r man igenom st\u00e4llningar som exempelvis; mabu, gong bu, xiao chabu etc. Samt enkla slag\u00f6vningar, blockeringar och sparktekniker.<\/p>\n<p><img loading=\"lazy\" decoding=\"async\" class=\"alignnone size-medium wp-image-296\" src=\"http:\/\/lo-wushu.se\/wp-content\/uploads\/2017\/10\/Mabu-och-gong-bu-300x189.jpg\" alt=\"\" width=\"300\" height=\"189\" srcset=\"https:\/\/lo-wushu.se\/wp-content\/uploads\/2017\/10\/Mabu-och-gong-bu-300x189.jpg 300w, https:\/\/lo-wushu.se\/wp-content\/uploads\/2017\/10\/Mabu-och-gong-bu.jpg 635w\" sizes=\"auto, (max-width: 300px) 100vw, 300px\" \/><\/p>\n<p>Tiden i basic \u00e4r individuell men det kr\u00e4vs minst en termin f\u00f6r att hinna v\u00e4nja sig och f\u00f6rst\u00e5 \u00f6vningar som sedan skall ligga till grund f\u00f6r fortsatt kunskap. N\u00e4r man b\u00f6rjar n\u00e4rma sig f\u00f6r att vara klar med basic s\u00e5 sker en \u00f6verlappning av tr\u00e4ningen till n\u00e4sta steg som \u00e4r draken. Men redan under uppv\u00e4rmningen tar vi fram \u00f6vningar som stimulerar koordination, balans, smidighet och styrka fr\u00e5n mer avancerade till\u00e4mpningar fr\u00e5n bl.a. djursystemen.<\/p>\n<p>Klicka p\u00e5 bilderna f\u00f6r en kortare videopresentation av respektive niv\u00e5.<\/p>\n<figure id=\"attachment_551\" aria-describedby=\"caption-attachment-551\" style=\"width: 141px\" class=\"wp-caption alignnone\"><a href=\"http:\/\/lo-wushu.se\/wp-content\/uploads\/2017\/10\/Basicklipp-presentation.mp4\"><img loading=\"lazy\" decoding=\"async\" class=\"wp-image-551 size-medium\" src=\"http:\/\/lo-wushu.se\/wp-content\/uploads\/2017\/10\/Lennart-basic-stance-dry-brush3-141x300.jpg\" alt=\"\" width=\"141\" height=\"300\" srcset=\"https:\/\/lo-wushu.se\/wp-content\/uploads\/2017\/10\/Lennart-basic-stance-dry-brush3-141x300.jpg 141w, https:\/\/lo-wushu.se\/wp-content\/uploads\/2017\/10\/Lennart-basic-stance-dry-brush3-768x1629.jpg 768w, https:\/\/lo-wushu.se\/wp-content\/uploads\/2017\/10\/Lennart-basic-stance-dry-brush3-483x1024.jpg 483w, https:\/\/lo-wushu.se\/wp-content\/uploads\/2017\/10\/Lennart-basic-stance-dry-brush3.jpg 1483w\" sizes=\"auto, (max-width: 141px) 100vw, 141px\" \/><\/a><figcaption id=\"caption-attachment-551\" class=\"wp-caption-text\">Lo\uff0dBasic<\/figcaption><\/figure>\n<p>Efter &#8221;Basic&#8221; tar djursystemen vid i den f\u00f6ljd ned\u00e5t vi ser h\u00e4r nedan.<\/p>\n<figure id=\"attachment_525\" aria-describedby=\"caption-attachment-525\" style=\"width: 150px\" class=\"wp-caption alignnone\"><a href=\"http:\/\/lo-wushu.se\/wp-content\/uploads\/2017\/10\/Drakenklipp-till-hemsidan.mp4\"><img loading=\"lazy\" decoding=\"async\" class=\"wp-image-525 size-thumbnail\" src=\"http:\/\/lo-wushu.se\/wp-content\/uploads\/2017\/10\/Lennart-draken-pos2-dry-brush-150x150.jpg\" alt=\"\" width=\"150\" height=\"150\" srcset=\"https:\/\/lo-wushu.se\/wp-content\/uploads\/2017\/10\/Lennart-draken-pos2-dry-brush-150x150.jpg 150w, https:\/\/lo-wushu.se\/wp-content\/uploads\/2017\/10\/Lennart-draken-pos2-dry-brush-100x100.jpg 100w\" sizes=\"auto, (max-width: 150px) 100vw, 150px\" \/><\/a><figcaption id=\"caption-attachment-525\" class=\"wp-caption-text\">Lo\uff0dDragon \u9f99\u62f3<\/figcaption><\/figure>\n<figure id=\"attachment_559\" aria-describedby=\"caption-attachment-559\" style=\"width: 269px\" class=\"wp-caption alignnone\"><img loading=\"lazy\" decoding=\"async\" class=\"wp-image-559 size-medium\" src=\"http:\/\/lo-wushu.se\/wp-content\/uploads\/2017\/11\/Lennart-Tigerbild-dry-brush-269x300.jpg\" alt=\"\" width=\"269\" height=\"300\" \/><figcaption id=\"caption-attachment-559\" class=\"wp-caption-text\">Lo\uff0dTiger \u864e\u62f3<\/figcaption><\/figure>\n<p>&nbsp;<\/p>\n<p>Kommer vartefter l\u00e4ggas in mera&#8230;<\/p>\n<ul>\n<li>B\u00f6nsyrsan<\/li>\n<li>Tranan<\/li>\n<li>Ormen<\/li>\n<li>Lokatten<\/li>\n<\/ul>\n<p>F\u00f6rsta graderingen \u00e4ger rum redan efter avklarad basictr\u00e4ning, d\u00e4refter h\u00e5lls graderingar med delniv\u00e5er. Exempelvis grundl\u00e4ggande drakengraderingen \u00e4r indelad i tv\u00e5 delniv\u00e5er. Tiden som kr\u00e4vs f\u00f6r varje delniv\u00e5 kan variera men minsta tiden \u00e4r en termin p\u00e5 varje. Variationen kan bero p\u00e5 dels den egna n\u00e4rvaron och hur till vida man k\u00e4nner sig redo. Gradering best\u00e4ms \u00e4ven utifr\u00e5n instrukt\u00f6rens syn om \u00f6kat behov av tr\u00e4ning i samf\u00f6rst\u00e5nd med medlem.<\/p>\n<p>Man m\u00e5ste vara klar med varje delniv\u00e5 exempelvis 1 f\u00f6r att f\u00e5 g\u00f6ra niv\u00e5 2 etc. Niv\u00e5antalet varierar med djurstilarna och tiden p\u00e5 varje niv\u00e5 likas\u00e5. Detta beror i huvudsak p\u00e5 det varierande inneh\u00e5llet som blir mer med tiden.<\/p>\n<p>Efter varje gradering erh\u00e5ller man ett graderingsintyg som bekr\u00e4ftar den niv\u00e5n man just har klarat. Vid varje gradering f\u00e5r man max ha tv\u00e5 fel.<\/p>\n<p>Efter att man graderat f\u00f6r B\u00f6nsyrsan erh\u00e5lls man 1:a graden och ett svart b\u00e4lte, sedan fylls grader p\u00e5 med respektive djurkarakt\u00e4r. Vi har ett par grader till som \u00e4r \u00a0n\u00e4r man har specialiserat sig p\u00e5 n\u00e5gra djurstilar och inre arter med tillh\u00f6rande vapenarsenal.<\/p>\n<p>G\u00e4llande gradering \u00e4r det krav p\u00e5 dem f\u00f6r att f\u00e5 del av mer avancerad niv\u00e5 f\u00f6r att m\u00f6jligg\u00f6ra en s\u00e4krare niv\u00e5anpassning. Men det \u00e4r inget krav f\u00f6r att f\u00e5 delta i Lo Wushu, man kan v\u00e4lja att delta p\u00e5 en grundl\u00e4ggande tr\u00e4ning enbart f\u00f6r en b\u00e4ttre h\u00e4lsa. Likv\u00e4l kan man v\u00e4lja att stanna i en viss niv\u00e5 om man k\u00e4nner f\u00f6r det. F\u00f6r att kliva in som hj\u00e4lpinstrukt\u00f6r kr\u00e4vs dock att man \u00e4r i b\u00f6nsyrsan i n\u00e5gon av dessa terminsniv\u00e5er.<\/p>\n<p>Ut\u00f6ver Lo Wushu\u00b4s egna koncept har vi lagt in tr\u00e4ning p\u00e5 Kun Tao Silat de Thouars, Huo Baji Quan, Taiji Quan, Bagua Zhang f\u00f6r att n\u00e4mna n\u00e5gra. Med anledning av att de \u00e4r v\u00e4ldigt lika med oss i tanke och i utf\u00f6rande.<\/p>\n<p>Lo Wushu\u00b4s tr\u00e4ning \u00e4r s\u00e5 lik Kun Tao att man ofta f\u00e5r sv\u00e5rt att urskilja dem \u00e5t och fr\u00e5n ett citat fr\u00e5n Willem (Uncle), &#8221;Ni har alltid tr\u00e4nat Kun Tao&#8221;. \u00a0\u00c4ven om Lo Wushu konceptet g\u00e5r ut p\u00e5 en viss blandning av inre och yttre arter s\u00e5 l\u00e4gger vi mycket vikt p\u00e5 att f\u00f6rklara vad de tekniker kommer ifr\u00e5n som h\u00e4rleds till Baji, Kun Tao, Taiji m.m.<\/p>\n<p>Qin Na tekniker ligger med i den r\u00f6da tr\u00e5den genom hela Lo Wushu\u00b4s koncept som alternativ tillv\u00e4gag\u00e5ng. Likas\u00e5 har vi inre arter som skuggar i teknikut\u00f6vandet som exempelvis Taiji och <span style=\"color: #0000ff;\"><a href=\"http:\/\/lo-wushu.se\/wp-content\/uploads\/2017\/10\/Bagua-Serie-av-Lo-Wushu.jpg\">Bagua<\/a>.<\/span><\/p>\n<p>F\u00f6r att b\u00e4ttre kunna f\u00f6rst\u00e5 hur r\u00f6relse och teknik f\u00f6rh\u00e5ller sig och hur de fungerar i harmoni, s\u00e5 beskrivs de ocks\u00e5 med olika krafter ihop med f\u00f6rflyttning som en r\u00f6d tr\u00e5d som \u00e5terkommer i hela konceptet.<\/p>\n<p>Vi delar in ett tillv\u00e4gag\u00e5ngss\u00e4tt med ing\u00e5ngsl\u00e4ge som ocks\u00e5 ska generera kraft och alternativa v\u00e4gar. Vi betonar p\u00e5 s\u00e5 s\u00e4tt hur man ska se p\u00e5 f\u00f6rflyttning och sin omgivning.<\/p>\n<hr \/>\n<p>H\u00e4r nedan kan vi se en video med lite utdrag av tekniker vi l\u00e4r ut, beskrivning g\u00f6rs s\u00e5 att man l\u00e4ttare ska kunna f\u00f6rst\u00e5 hur kroppen jobbar som en enhet. Det vi ser i videon \u00e4r endast teknikvisning inte en ren fight med full hastighet.<\/p>\n<p>Tekniker som kommer fr\u00e5n bl.a. Lo Wushu men ocks\u00e5 fr\u00e5n Kun Tao Silat de Thouars och fr\u00e5n Huo Baji Quan samt inre arter som Bagua Zhang och Taiji Quan.<\/p>\n<p>&nbsp;<\/p>\n<div style=\"width: 525px;\" class=\"wp-video\"><video class=\"wp-video-shortcode\" id=\"video-47-1\" width=\"525\" height=\"295\" poster=\"http:\/\/lo-wushu.se\/wp-content\/uploads\/2018\/01\/Lennart-videobild2.jpg\" preload=\"metadata\" controls=\"controls\"><source type=\"video\/mp4\" src=\"http:\/\/lo-wushu.se\/wp-content\/uploads\/2018\/01\/Lo-Wushu-Traditional-Gong-Fu-540p1.mp4?_=1\" \/><a href=\"http:\/\/lo-wushu.se\/wp-content\/uploads\/2018\/01\/Lo-Wushu-Traditional-Gong-Fu-540p1.mp4\">http:\/\/lo-wushu.se\/wp-content\/uploads\/2018\/01\/Lo-Wushu-Traditional-Gong-Fu-540p1.mp4<\/a><\/video><\/div>\n<p>&nbsp;<\/p>\n","protected":false},"excerpt":{"rendered":"<p>Grunden vi ser idag startades redan 1985 och med det r\u00e4knas klubbens existens fr\u00e5n det \u00e5ret. \u00c5r 2015 firade vi 30 \u00e5r jubileum som klubb och har sedan dess gjort m\u00e5nga resor i utvecklingen. N\u00e4r man b\u00f6rjar i Lo Wushu s\u00e5 startar man sin tr\u00e4ning med en grund som vi kallar f\u00f6r basic. H\u00e4r g\u00e5r &hellip; <\/p>\n<p class=\"link-more\"><a href=\"https:\/\/lo-wushu.se\/?page_id=47\" class=\"more-link\">Forts\u00e4tt l\u00e4sa<span class=\"screen-reader-text\"> \u201dTr\u00e4ningen i Lo Wushu\u201d<\/span><\/a><\/p>\n","protected":false},"author":1,"featured_media":0,"parent":0,"menu_order":5,"comment_status":"closed","ping_status":"closed","template":"","meta":{"footnotes":""},"class_list":["post-47","page","type-page","status-publish","hentry"],"_links":{"self":[{"href":"https:\/\/lo-wushu.se\/index.php?rest_route=\/wp\/v2\/pages\/47","targetHints":{"allow":["GET"]}}],"collection":[{"href":"https:\/\/lo-wushu.se\/index.php?rest_route=\/wp\/v2\/pages"}],"about":[{"href":"https:\/\/lo-wushu.se\/index.php?rest_route=\/wp\/v2\/types\/page"}],"author":[{"embeddable":true,"href":"https:\/\/lo-wushu.se\/index.php?rest_route=\/wp\/v2\/users\/1"}],"replies":[{"embeddable":true,"href":"https:\/\/lo-wushu.se\/index.php?rest_route=%2Fwp%2Fv2%2Fcomments&post=47"}],"version-history":[{"count":50,"href":"https:\/\/lo-wushu.se\/index.php?rest_route=\/wp\/v2\/pages\/47\/revisions"}],"predecessor-version":[{"id":1860,"href":"https:\/\/lo-wushu.se\/index.php?rest_route=\/wp\/v2\/pages\/47\/revisions\/1860"}],"wp:attachment":[{"href":"https:\/\/lo-wushu.se\/index.php?rest_route=%2Fwp%2Fv2%2Fmedia&parent=47"}],"curies":[{"name":"wp","href":"https:\/\/api.w.org\/{rel}","templated":true}]}}