{"id":42,"date":"2017-10-19T18:56:14","date_gmt":"2017-10-19T18:56:14","guid":{"rendered":"http:\/\/lo-wushu.se\/?page_id=42"},"modified":"2020-03-17T23:06:01","modified_gmt":"2020-03-17T23:06:01","slug":"seminarium","status":"publish","type":"page","link":"https:\/\/lo-wushu.se\/?page_id=42","title":{"rendered":"Seminarium\/Workshop"},"content":{"rendered":"<p>N\u00e4stkommande seminarium\/workshop presenteras h\u00e4r.<\/p>\n<p>Klicka p\u00e5 l\u00e4nken nedan f\u00f6r att komma till affischen f\u00f6r Tai Chi.&nbsp;<\/p>\n<ul>\n<li><a href=\"http:\/\/lo-wushu.se\/?attachment_id=1375\">Prova p\u00e5, Taiji Quan &amp; Inre Arter Fredag 26 April 2019<\/a><\/li>\n<\/ul>\n<p>Vid \u00f6nskem\u00e5l som delas av Lo Wushu\u00b4s intresse kan vi arrangera seminarium.<\/p>\n<p>Seminarium\/workshop arrangeras med j\u00e4mna mellanrum av Lo Wushu. Med \u00e5ren har vi haft seminarium i olika slags teman som Taiji Quan, &nbsp;Bagua Zhang, Xing Yi, Kun Tao Silat, Qin Na, Baji, Dao, Kali och Silat. Vi har \u00e4ven arrangerat seminarium inom de djurapplikationer som finns i Lo Wushu.<\/p>\n<p>Ut\u00f6ver det s\u00e5 har vi s\u00e4rskilda riktade teman utomhus p\u00e5 sommaren.<\/p>\n<p><\/p>\n<p>14-16 september 2018, hade vi ett lyckat seminarium med Uncle det b\u00e4sta han varit med om h\u00e4r i Skandinavien. H\u00e4r p\u00e5 bilden \u00e4r han 82 \u00e5r och fortfarande aktiv.&nbsp;<\/p>\n\n\n<figure class=\"wp-block-image\"><img loading=\"lazy\" decoding=\"async\" width=\"904\" height=\"1024\" src=\"http:\/\/lo-wushu.se\/wp-content\/uploads\/2019\/01\/Uncle-med-kniv-1-904x1024.jpg\" alt=\"\" class=\"wp-image-1321\" srcset=\"https:\/\/lo-wushu.se\/wp-content\/uploads\/2019\/01\/Uncle-med-kniv-1-904x1024.jpg 904w, https:\/\/lo-wushu.se\/wp-content\/uploads\/2019\/01\/Uncle-med-kniv-1-265x300.jpg 265w, https:\/\/lo-wushu.se\/wp-content\/uploads\/2019\/01\/Uncle-med-kniv-1-768x870.jpg 768w, https:\/\/lo-wushu.se\/wp-content\/uploads\/2019\/01\/Uncle-med-kniv-1.jpg 1996w\" sizes=\"auto, (max-width: 767px) 89vw, (max-width: 1000px) 54vw, (max-width: 1071px) 543px, 580px\" \/><\/figure>\n\n\n\n<p><\/p>\n\n\n\n<figure class=\"wp-block-image\"><img loading=\"lazy\" decoding=\"async\" width=\"1024\" height=\"910\" src=\"http:\/\/lo-wushu.se\/wp-content\/uploads\/2019\/01\/Uncle-2018-1024x910.jpg\" alt=\"\" class=\"wp-image-1322\" srcset=\"https:\/\/lo-wushu.se\/wp-content\/uploads\/2019\/01\/Uncle-2018-1024x910.jpg 1024w, https:\/\/lo-wushu.se\/wp-content\/uploads\/2019\/01\/Uncle-2018-300x267.jpg 300w, https:\/\/lo-wushu.se\/wp-content\/uploads\/2019\/01\/Uncle-2018-768x683.jpg 768w\" sizes=\"auto, (max-width: 767px) 89vw, (max-width: 1000px) 54vw, (max-width: 1071px) 543px, 580px\" \/><\/figure>\n","protected":false},"excerpt":{"rendered":"<p>N\u00e4stkommande seminarium\/workshop presenteras h\u00e4r. Klicka p\u00e5 l\u00e4nken nedan f\u00f6r att komma till affischen f\u00f6r Tai Chi.&nbsp; Prova p\u00e5, Taiji Quan &amp; Inre Arter Fredag 26 April 2019 Vid \u00f6nskem\u00e5l som delas av Lo Wushu\u00b4s intresse kan vi arrangera seminarium. Seminarium\/workshop arrangeras med j\u00e4mna mellanrum av Lo Wushu. Med \u00e5ren har vi haft seminarium i olika &hellip; <\/p>\n<p class=\"link-more\"><a href=\"https:\/\/lo-wushu.se\/?page_id=42\" class=\"more-link\">Forts\u00e4tt l\u00e4sa<span class=\"screen-reader-text\"> \u201dSeminarium\/Workshop\u201d<\/span><\/a><\/p>\n","protected":false},"author":1,"featured_media":0,"parent":0,"menu_order":12,"comment_status":"closed","ping_status":"closed","template":"","meta":{"footnotes":""},"class_list":["post-42","page","type-page","status-publish","hentry"],"_links":{"self":[{"href":"https:\/\/lo-wushu.se\/index.php?rest_route=\/wp\/v2\/pages\/42","targetHints":{"allow":["GET"]}}],"collection":[{"href":"https:\/\/lo-wushu.se\/index.php?rest_route=\/wp\/v2\/pages"}],"about":[{"href":"https:\/\/lo-wushu.se\/index.php?rest_route=\/wp\/v2\/types\/page"}],"author":[{"embeddable":true,"href":"https:\/\/lo-wushu.se\/index.php?rest_route=\/wp\/v2\/users\/1"}],"replies":[{"embeddable":true,"href":"https:\/\/lo-wushu.se\/index.php?rest_route=%2Fwp%2Fv2%2Fcomments&post=42"}],"version-history":[{"count":14,"href":"https:\/\/lo-wushu.se\/index.php?rest_route=\/wp\/v2\/pages\/42\/revisions"}],"predecessor-version":[{"id":1529,"href":"https:\/\/lo-wushu.se\/index.php?rest_route=\/wp\/v2\/pages\/42\/revisions\/1529"}],"wp:attachment":[{"href":"https:\/\/lo-wushu.se\/index.php?rest_route=%2Fwp%2Fv2%2Fmedia&parent=42"}],"curies":[{"name":"wp","href":"https:\/\/api.w.org\/{rel}","templated":true}]}}